{"id":358,"date":"2026-03-10T14:40:01","date_gmt":"2026-03-10T14:40:01","guid":{"rendered":"https:\/\/melissa-michael.getmarried.pt\/?page_id=358"},"modified":"2026-03-16T16:33:07","modified_gmt":"2026-03-16T16:33:07","slug":"alojamento","status":"publish","type":"page","link":"https:\/\/melissa-michael.getmarried.pt\/de\/alojamento\/","title":{"rendered":"H\u00e9bergement"},"content":{"rendered":"<div data-elementor-type=\"wp-page\" data-elementor-id=\"358\" class=\"elementor elementor-358\">\n\t\t\t\t<div class=\"elementor-element elementor-element-7ed366c e-flex e-con-boxed e-con e-parent\" data-id=\"7ed366c\" data-element_type=\"container\" data-e-type=\"container\">\n\t\t\t\t\t<div class=\"e-con-inner\">\n\t\t\t\t<div class=\"elementor-element elementor-element-b0f1033 elementor-widget elementor-widget-text-editor\" data-id=\"b0f1033\" data-element_type=\"widget\" data-e-type=\"widget\" data-widget_type=\"text-editor.default\">\n\t\t\t\t\t\t\t\t\t<p>Si vous avez besoin d'un h\u00e9bergement, voici nos suggestions.<\/p>\t\t\t\t\t\t\t\t<\/div>\n\t\t\t\t\t<\/div>\n\t\t\t\t<\/div>\n\t\t<div class=\"elementor-element elementor-element-5087d23 e-flex e-con-boxed e-con e-parent\" data-id=\"5087d23\" data-element_type=\"container\" data-e-type=\"container\">\n\t\t\t\t\t<div class=\"e-con-inner\">\n\t\t<div class=\"elementor-element elementor-element-7431962 e-con-full e-flex e-con e-child\" data-id=\"7431962\" data-element_type=\"container\" data-e-type=\"container\">\n\t\t\t\t<\/div>\n\t\t<div class=\"elementor-element elementor-element-040b449 e-con-full e-flex e-con e-child\" data-id=\"040b449\" data-element_type=\"container\" data-e-type=\"container\">\n\t\t\t\t<div class=\"elementor-element elementor-element-b918897 elementor-widget elementor-widget-image\" data-id=\"b918897\" data-element_type=\"widget\" data-e-type=\"widget\" data-widget_type=\"image.default\">\n\t\t\t\t\t\t\t\t\t\t\t\t\t\t\t<img decoding=\"async\" width=\"300\" height=\"94\" src=\"https:\/\/melissa-michael.getmarried.pt\/wp-content\/uploads\/2026\/03\/Airbnb_Logo_Belo.svg-300x94.png\" class=\"attachment-medium size-medium wp-image-413\" alt=\"\" srcset=\"https:\/\/melissa-michael.getmarried.pt\/wp-content\/uploads\/2026\/03\/Airbnb_Logo_Belo.svg-300x94.png 300w, https:\/\/melissa-michael.getmarried.pt\/wp-content\/uploads\/2026\/03\/Airbnb_Logo_Belo.svg-1024x320.png 1024w, https:\/\/melissa-michael.getmarried.pt\/wp-content\/uploads\/2026\/03\/Airbnb_Logo_Belo.svg-768x240.png 768w, https:\/\/melissa-michael.getmarried.pt\/wp-content\/uploads\/2026\/03\/Airbnb_Logo_Belo.svg-18x6.png 18w, https:\/\/melissa-michael.getmarried.pt\/wp-content\/uploads\/2026\/03\/Airbnb_Logo_Belo.svg.png 1280w\" sizes=\"(max-width: 300px) 100vw, 300px\" \/>\t\t\t\t\t\t\t\t\t\t\t\t\t\t\t<\/div>\n\t\t\t\t<\/div>\n\t\t<div class=\"elementor-element elementor-element-86542d6 e-con-full e-flex e-con e-child\" data-id=\"86542d6\" data-element_type=\"container\" data-e-type=\"container\">\n\t\t\t\t<\/div>\n\t\t\t\t\t<\/div>\n\t\t\t\t<\/div>\n\t\t<div class=\"elementor-element elementor-element-89b7b6f e-flex e-con-boxed e-con e-parent\" data-id=\"89b7b6f\" data-element_type=\"container\" data-e-type=\"container\">\n\t\t\t\t\t<div class=\"e-con-inner\">\n\t\t<div class=\"elementor-element elementor-element-f940630 e-con-full e-flex e-con e-child\" data-id=\"f940630\" data-element_type=\"container\" data-e-type=\"container\">\n\t\t\t\t<div class=\"elementor-element elementor-element-5b53bbd elementor-widget elementor-widget-heading\" data-id=\"5b53bbd\" data-element_type=\"widget\" data-e-type=\"widget\" data-widget_type=\"heading.default\">\n\t\t\t\t\t<h2 class=\"elementor-heading-title elementor-size-default\">Ap central marrom claro<\/h2>\t\t\t\t<\/div>\n\t\t\t\t<div class=\"elementor-element elementor-element-84e9084 elementor-widget elementor-widget-image\" data-id=\"84e9084\" data-element_type=\"widget\" data-e-type=\"widget\" data-widget_type=\"image.default\">\n\t\t\t\t\t\t\t\t\t\t\t\t\t\t\t\t<a href=\"https:\/\/www.airbnb.pt\/rooms\/798577672529460374?unique_share_id=365c994a-8f29-4b32-ae18-58addfbfc0f3&#038;viralityEntryPoint=1&#038;s=76&#038;source_impression_id=p3_1773678053_P3Yusa9HftT-3Naz\">\n\t\t\t\t\t\t\t<img fetchpriority=\"high\" decoding=\"async\" width=\"1024\" height=\"915\" src=\"https:\/\/melissa-michael.getmarried.pt\/wp-content\/uploads\/2026\/03\/Captura-de-ecra-2026-03-16-as-16.21.20-1024x915.png\" class=\"attachment-large size-large wp-image-417\" alt=\"\" srcset=\"https:\/\/melissa-michael.getmarried.pt\/wp-content\/uploads\/2026\/03\/Captura-de-ecra-2026-03-16-as-16.21.20-1024x915.png 1024w, https:\/\/melissa-michael.getmarried.pt\/wp-content\/uploads\/2026\/03\/Captura-de-ecra-2026-03-16-as-16.21.20-300x268.png 300w, https:\/\/melissa-michael.getmarried.pt\/wp-content\/uploads\/2026\/03\/Captura-de-ecra-2026-03-16-as-16.21.20-768x686.png 768w, https:\/\/melissa-michael.getmarried.pt\/wp-content\/uploads\/2026\/03\/Captura-de-ecra-2026-03-16-as-16.21.20-13x12.png 13w, https:\/\/melissa-michael.getmarried.pt\/wp-content\/uploads\/2026\/03\/Captura-de-ecra-2026-03-16-as-16.21.20.png 1484w\" sizes=\"(max-width: 1024px) 100vw, 1024px\" \/>\t\t\t\t\t\t\t\t<\/a>\n\t\t\t\t\t\t\t\t\t\t\t\t\t\t\t<\/div>\n\t\t\t\t<\/div>\n\t\t<div class=\"elementor-element elementor-element-eff4d41 e-con-full e-flex e-con e-child\" data-id=\"eff4d41\" data-element_type=\"container\" data-e-type=\"container\">\n\t\t\t\t<div class=\"elementor-element elementor-element-c1d4b91 elementor-widget elementor-widget-heading\" data-id=\"c1d4b91\" data-element_type=\"widget\" data-e-type=\"widget\" data-widget_type=\"heading.default\">\n\t\t\t\t\t<h2 class=\"elementor-heading-title elementor-size-default\">Blue Salinas<\/h2>\t\t\t\t<\/div>\n\t\t\t\t<div class=\"elementor-element elementor-element-10d1766 elementor-widget elementor-widget-image\" data-id=\"10d1766\" data-element_type=\"widget\" data-e-type=\"widget\" data-widget_type=\"image.default\">\n\t\t\t\t\t\t\t\t\t\t\t\t\t\t\t\t<a href=\"https:\/\/www.airbnb.pt\/rooms\/43980473?unique_share_id=9cd0402e-0765-4ad1-b984-d16ca1f77af0&#038;viralityEntryPoint=1&#038;s=76&#038;source_impression_id=p3_1773678146_P3RtEATr7ovpsC1F\">\n\t\t\t\t\t\t\t<img decoding=\"async\" width=\"1024\" height=\"683\" src=\"https:\/\/melissa-michael.getmarried.pt\/wp-content\/uploads\/2026\/03\/0a462401-93b8-4f72-9185-5b9c954944a0.jpeg-1024x683.avif\" class=\"attachment-large size-large wp-image-422\" alt=\"\" srcset=\"https:\/\/melissa-michael.getmarried.pt\/wp-content\/uploads\/2026\/03\/0a462401-93b8-4f72-9185-5b9c954944a0.jpeg-1024x683.avif 1024w, https:\/\/melissa-michael.getmarried.pt\/wp-content\/uploads\/2026\/03\/0a462401-93b8-4f72-9185-5b9c954944a0.jpeg-300x200.avif 300w, https:\/\/melissa-michael.getmarried.pt\/wp-content\/uploads\/2026\/03\/0a462401-93b8-4f72-9185-5b9c954944a0.jpeg-768x512.avif 768w, https:\/\/melissa-michael.getmarried.pt\/wp-content\/uploads\/2026\/03\/0a462401-93b8-4f72-9185-5b9c954944a0.jpeg-18x12.avif 18w, https:\/\/melissa-michael.getmarried.pt\/wp-content\/uploads\/2026\/03\/0a462401-93b8-4f72-9185-5b9c954944a0.jpeg-930x620.avif 930w, https:\/\/melissa-michael.getmarried.pt\/wp-content\/uploads\/2026\/03\/0a462401-93b8-4f72-9185-5b9c954944a0.jpeg.avif 1200w\" sizes=\"(max-width: 1024px) 100vw, 1024px\" \/>\t\t\t\t\t\t\t\t<\/a>\n\t\t\t\t\t\t\t\t\t\t\t\t\t\t\t<\/div>\n\t\t\t\t<\/div>\n\t\t\t\t\t<\/div>\n\t\t\t\t<\/div>\n\t\t<div class=\"elementor-element elementor-element-62ac25f e-flex e-con-boxed e-con e-parent\" data-id=\"62ac25f\" data-element_type=\"container\" data-e-type=\"container\">\n\t\t\t\t\t<div class=\"e-con-inner\">\n\t\t<div class=\"elementor-element elementor-element-08cb42b e-con-full e-flex e-con e-child\" data-id=\"08cb42b\" data-element_type=\"container\" data-e-type=\"container\">\n\t\t\t\t<div class=\"elementor-element elementor-element-a9f3269 elementor-widget elementor-widget-heading\" data-id=\"a9f3269\" data-element_type=\"widget\" data-e-type=\"widget\" data-widget_type=\"heading.default\">\n\t\t\t\t\t<h2 class=\"elementor-heading-title elementor-size-default\">Curtido House Suites<\/h2>\t\t\t\t<\/div>\n\t\t\t\t<div class=\"elementor-element elementor-element-0470917 elementor-widget elementor-widget-image\" data-id=\"0470917\" data-element_type=\"widget\" data-e-type=\"widget\" data-widget_type=\"image.default\">\n\t\t\t\t\t\t\t\t\t\t\t\t\t\t\t\t<a href=\"https:\/\/www.airbnb.pt\/rooms\/876235331328602774?unique_share_id=2717e575-782d-4d7b-9b72-6d52dc6ee8bb&#038;viralityEntryPoint=1&#038;s=76&#038;source_impression_id=p3_1773678541_P3aJ2BK0x2OSzhmG\">\n\t\t\t\t\t\t\t<img loading=\"lazy\" decoding=\"async\" width=\"1024\" height=\"768\" src=\"https:\/\/melissa-michael.getmarried.pt\/wp-content\/uploads\/2026\/03\/b115e21b-cc4d-4616-827a-a784898c4552.jpg-1024x768.avif\" class=\"attachment-large size-large wp-image-431\" alt=\"\" srcset=\"https:\/\/melissa-michael.getmarried.pt\/wp-content\/uploads\/2026\/03\/b115e21b-cc4d-4616-827a-a784898c4552.jpg-1024x768.avif 1024w, https:\/\/melissa-michael.getmarried.pt\/wp-content\/uploads\/2026\/03\/b115e21b-cc4d-4616-827a-a784898c4552.jpg-300x225.avif 300w, https:\/\/melissa-michael.getmarried.pt\/wp-content\/uploads\/2026\/03\/b115e21b-cc4d-4616-827a-a784898c4552.jpg-768x576.avif 768w, https:\/\/melissa-michael.getmarried.pt\/wp-content\/uploads\/2026\/03\/b115e21b-cc4d-4616-827a-a784898c4552.jpg-16x12.avif 16w, https:\/\/melissa-michael.getmarried.pt\/wp-content\/uploads\/2026\/03\/b115e21b-cc4d-4616-827a-a784898c4552.jpg.avif 1200w\" sizes=\"(max-width: 1024px) 100vw, 1024px\" \/>\t\t\t\t\t\t\t\t<\/a>\n\t\t\t\t\t\t\t\t\t\t\t\t\t\t\t<\/div>\n\t\t\t\t<\/div>\n\t\t<div class=\"elementor-element elementor-element-0b953ce e-con-full e-flex e-con e-child\" data-id=\"0b953ce\" data-element_type=\"container\" data-e-type=\"container\">\n\t\t\t\t<div class=\"elementor-element elementor-element-4449b66 elementor-widget elementor-widget-heading\" data-id=\"4449b66\" data-element_type=\"widget\" data-e-type=\"widget\" data-widget_type=\"heading.default\">\n\t\t\t\t\t<h2 class=\"elementor-heading-title elementor-size-default\">Ap do La\u00e7o<\/h2>\t\t\t\t<\/div>\n\t\t\t\t<div class=\"elementor-element elementor-element-cba0c39 elementor-widget elementor-widget-image\" data-id=\"cba0c39\" data-element_type=\"widget\" data-e-type=\"widget\" data-widget_type=\"image.default\">\n\t\t\t\t\t\t\t\t\t\t\t\t\t\t\t\t<a href=\"https:\/\/www.airbnb.pt\/rooms\/1629042952482232315?unique_share_id=872141ff-4a61-4749-aec6-4487fdf39096&#038;viralityEntryPoint=1&#038;s=76&#038;source_impression_id=p3_1773678647_P3jV-LGzk9giScrX\">\n\t\t\t\t\t\t\t<img loading=\"lazy\" decoding=\"async\" width=\"1024\" height=\"683\" src=\"https:\/\/melissa-michael.getmarried.pt\/wp-content\/uploads\/2026\/03\/79e52864-5a4e-476a-ac91-713d50da3a68.jpeg-1024x683.avif\" class=\"attachment-large size-large wp-image-435\" alt=\"\" srcset=\"https:\/\/melissa-michael.getmarried.pt\/wp-content\/uploads\/2026\/03\/79e52864-5a4e-476a-ac91-713d50da3a68.jpeg-1024x683.avif 1024w, https:\/\/melissa-michael.getmarried.pt\/wp-content\/uploads\/2026\/03\/79e52864-5a4e-476a-ac91-713d50da3a68.jpeg-300x200.avif 300w, https:\/\/melissa-michael.getmarried.pt\/wp-content\/uploads\/2026\/03\/79e52864-5a4e-476a-ac91-713d50da3a68.jpeg-768x512.avif 768w, https:\/\/melissa-michael.getmarried.pt\/wp-content\/uploads\/2026\/03\/79e52864-5a4e-476a-ac91-713d50da3a68.jpeg-18x12.avif 18w, https:\/\/melissa-michael.getmarried.pt\/wp-content\/uploads\/2026\/03\/79e52864-5a4e-476a-ac91-713d50da3a68.jpeg-930x620.avif 930w, https:\/\/melissa-michael.getmarried.pt\/wp-content\/uploads\/2026\/03\/79e52864-5a4e-476a-ac91-713d50da3a68.jpeg.avif 1200w\" sizes=\"(max-width: 1024px) 100vw, 1024px\" \/>\t\t\t\t\t\t\t\t<\/a>\n\t\t\t\t\t\t\t\t\t\t\t\t\t\t\t<\/div>\n\t\t\t\t<\/div>\n\t\t\t\t\t<\/div>\n\t\t\t\t<\/div>\n\t\t<div class=\"elementor-element elementor-element-fac88a6 e-flex e-con-boxed e-con e-parent\" data-id=\"fac88a6\" data-element_type=\"container\" data-e-type=\"container\">\n\t\t\t\t\t<div class=\"e-con-inner\">\n\t\t\t\t<div class=\"elementor-element elementor-element-46210e1 elementor-widget elementor-widget-spacer\" data-id=\"46210e1\" data-element_type=\"widget\" data-e-type=\"widget\" data-widget_type=\"spacer.default\">\n\t\t\t\t\t\t\t<div class=\"elementor-spacer\">\n\t\t\t<div class=\"elementor-spacer-inner\"><\/div>\n\t\t<\/div>\n\t\t\t\t\t\t<\/div>\n\t\t\t\t\t<\/div>\n\t\t\t\t<\/div>\n\t\t<div class=\"elementor-element elementor-element-a87e95b e-flex e-con-boxed e-con e-parent\" data-id=\"a87e95b\" data-element_type=\"container\" data-e-type=\"container\">\n\t\t\t\t\t<div class=\"e-con-inner\">\n\t\t\t\t<div class=\"elementor-element elementor-element-7f80384 elementor-widget elementor-widget-heading\" data-id=\"7f80384\" data-element_type=\"widget\" data-e-type=\"widget\" data-widget_type=\"heading.default\">\n\t\t\t\t\t<h2 class=\"elementor-heading-title elementor-size-default\">Hot\u00e9is<\/h2>\t\t\t\t<\/div>\n\t\t\t\t\t<\/div>\n\t\t\t\t<\/div>\n\t\t<div class=\"elementor-element elementor-element-1fc6f4e e-flex e-con-boxed e-con e-parent\" data-id=\"1fc6f4e\" data-element_type=\"container\" data-e-type=\"container\">\n\t\t\t\t\t<div class=\"e-con-inner\">\n\t\t<div class=\"elementor-element elementor-element-5ded525 e-con-full e-flex e-con e-child\" data-id=\"5ded525\" data-element_type=\"container\" data-e-type=\"container\">\n\t\t\t\t<div class=\"elementor-element elementor-element-5595032 elementor-widget elementor-widget-heading\" data-id=\"5595032\" data-element_type=\"widget\" data-e-type=\"widget\" data-widget_type=\"heading.default\">\n\t\t\t\t\t<h3 class=\"elementor-heading-title elementor-size-default\"><a href=\"https:\/\/www.joaocapela-residencial.com\">Hotel Jo\u00e3o Capela<\/a><\/h3>\t\t\t\t<\/div>\n\t\t\t\t<div class=\"elementor-element elementor-element-916c33e elementor-widget elementor-widget-google_maps\" data-id=\"916c33e\" data-element_type=\"widget\" data-e-type=\"widget\" data-widget_type=\"google_maps.default\">\n\t\t\t\t\t\t\t<div class=\"elementor-custom-embed\">\n\t\t\t<iframe loading=\"lazy\"\n\t\t\t\t\tsrc=\"https:\/\/maps.google.com\/maps?q=hotel%20Jo%C3%A3o%20capela%2C%20Portugal&#038;t=m&#038;z=10&#038;output=embed&#038;iwloc=near\"\n\t\t\t\t\ttitle=\"hotel Jo\u00e3o capela, Portugal\"\n\t\t\t\t\taria-label=\"hotel Jo\u00e3o capela, Portugal\"\n\t\t\t><\/iframe>\n\t\t<\/div>\n\t\t\t\t\t\t<\/div>\n\t\t\t\t<\/div>\n\t\t<div class=\"elementor-element elementor-element-8b8a890 e-con-full e-flex e-con e-child\" data-id=\"8b8a890\" data-element_type=\"container\" data-e-type=\"container\">\n\t\t\t\t<div class=\"elementor-element elementor-element-e35ce3c elementor-widget elementor-widget-heading\" data-id=\"e35ce3c\" data-element_type=\"widget\" data-e-type=\"widget\" data-widget_type=\"heading.default\">\n\t\t\t\t\t<h3 class=\"elementor-heading-title elementor-size-default\"><a href=\"https:\/\/turim-hotels.com\/turim-aveiro-palace-hotel\/\">Turim Aveiro Palace<\/a><\/h3>\t\t\t\t<\/div>\n\t\t\t\t<div class=\"elementor-element elementor-element-23792bf elementor-widget elementor-widget-google_maps\" data-id=\"23792bf\" data-element_type=\"widget\" data-e-type=\"widget\" data-widget_type=\"google_maps.default\">\n\t\t\t\t\t\t\t<div class=\"elementor-custom-embed\">\n\t\t\t<iframe loading=\"lazy\"\n\t\t\t\t\tsrc=\"https:\/\/maps.google.com\/maps?q=Turism%20Aveiro%20palace%2C%20Portugal&#038;t=m&#038;z=10&#038;output=embed&#038;iwloc=near\"\n\t\t\t\t\ttitle=\"Turism Aveiro palace, Portugal\"\n\t\t\t\t\taria-label=\"Turism Aveiro palace, Portugal\"\n\t\t\t><\/iframe>\n\t\t<\/div>\n\t\t\t\t\t\t<\/div>\n\t\t\t\t<\/div>\n\t\t\t\t\t<\/div>\n\t\t\t\t<\/div>\n\t\t<div class=\"elementor-element elementor-element-2d8fddb e-flex e-con-boxed e-con e-parent\" data-id=\"2d8fddb\" data-element_type=\"container\" data-e-type=\"container\">\n\t\t\t\t\t<div class=\"e-con-inner\">\n\t\t<div class=\"elementor-element elementor-element-152e55a e-con-full e-flex e-con e-child\" data-id=\"152e55a\" data-element_type=\"container\" data-e-type=\"container\">\n\t\t\t\t<div class=\"elementor-element elementor-element-0093b1d elementor-widget elementor-widget-heading\" data-id=\"0093b1d\" data-element_type=\"widget\" data-e-type=\"widget\" data-widget_type=\"heading.default\">\n\t\t\t\t\t<h3 class=\"elementor-heading-title elementor-size-default\"><a href=\"https:\/\/www.hotelilhavoplaza.com\">Hotel \u00cdlhavo Palace<\/a><\/h3>\t\t\t\t<\/div>\n\t\t\t\t<div class=\"elementor-element elementor-element-f70c799 elementor-widget elementor-widget-google_maps\" data-id=\"f70c799\" data-element_type=\"widget\" data-e-type=\"widget\" data-widget_type=\"google_maps.default\">\n\t\t\t\t\t\t\t<div class=\"elementor-custom-embed\">\n\t\t\t<iframe loading=\"lazy\"\n\t\t\t\t\tsrc=\"https:\/\/maps.google.com\/maps?q=Hotel%20%C3%8Dlhavo%20Palace%2C%20Portugal&#038;t=m&#038;z=10&#038;output=embed&#038;iwloc=near\"\n\t\t\t\t\ttitle=\"Hotel \u00cdlhavo Palace, Portugal\"\n\t\t\t\t\taria-label=\"Hotel \u00cdlhavo Palace, Portugal\"\n\t\t\t><\/iframe>\n\t\t<\/div>\n\t\t\t\t\t\t<\/div>\n\t\t\t\t<\/div>\n\t\t<div class=\"elementor-element elementor-element-15d03a5 e-con-full e-flex e-con e-child\" data-id=\"15d03a5\" data-element_type=\"container\" data-e-type=\"container\">\n\t\t\t\t<div class=\"elementor-element elementor-element-0a33185 elementor-widget elementor-widget-heading\" data-id=\"0a33185\" data-element_type=\"widget\" data-e-type=\"widget\" data-widget_type=\"heading.default\">\n\t\t\t\t\t<h3 class=\"elementor-heading-title elementor-size-default\"><a href=\"https:\/\/montebelohotels.com\/montebelo-vista-alegre-ilhavo-hotel\/pt\/alojamento\">MonteBello Vista Alegre<\/a><\/h3>\t\t\t\t<\/div>\n\t\t\t\t<div class=\"elementor-element elementor-element-56769ce elementor-widget elementor-widget-google_maps\" data-id=\"56769ce\" data-element_type=\"widget\" data-e-type=\"widget\" data-widget_type=\"google_maps.default\">\n\t\t\t\t\t\t\t<div class=\"elementor-custom-embed\">\n\t\t\t<iframe loading=\"lazy\"\n\t\t\t\t\tsrc=\"https:\/\/maps.google.com\/maps?q=MonteBello%20Vista%20Alegre%20%C3%8Dlhavo%2C%20Portugal&#038;t=m&#038;z=10&#038;output=embed&#038;iwloc=near\"\n\t\t\t\t\ttitle=\"MonteBello Vista Alegre \u00cdlhavo, Portugal\"\n\t\t\t\t\taria-label=\"MonteBello Vista Alegre \u00cdlhavo, Portugal\"\n\t\t\t><\/iframe>\n\t\t<\/div>\n\t\t\t\t\t\t<\/div>\n\t\t\t\t<\/div>\n\t\t\t\t\t<\/div>\n\t\t\t\t<\/div>\n\t\t<div class=\"elementor-element elementor-element-b9992c9 e-flex e-con-boxed e-con e-parent\" data-id=\"b9992c9\" data-element_type=\"container\" data-e-type=\"container\">\n\t\t\t\t\t<div class=\"e-con-inner\">\n\t\t<div class=\"elementor-element elementor-element-628b26c e-con-full e-flex e-con e-child\" data-id=\"628b26c\" data-element_type=\"container\" data-e-type=\"container\">\n\t\t\t\t<div class=\"elementor-element elementor-element-24b8c5d elementor-widget elementor-widget-heading\" data-id=\"24b8c5d\" data-element_type=\"widget\" data-e-type=\"widget\" data-widget_type=\"heading.default\">\n\t\t\t\t\t<h3 class=\"elementor-heading-title elementor-size-default\"><a href=\"https:\/\/www.hotelafonsov.pt\/index.php\/en\/\">Hotel Afonso V<\/a><\/h3>\t\t\t\t<\/div>\n\t\t\t\t<div class=\"elementor-element elementor-element-e6aaec9 elementor-widget elementor-widget-google_maps\" data-id=\"e6aaec9\" data-element_type=\"widget\" data-e-type=\"widget\" data-widget_type=\"google_maps.default\">\n\t\t\t\t\t\t\t<div class=\"elementor-custom-embed\">\n\t\t\t<iframe loading=\"lazy\"\n\t\t\t\t\tsrc=\"https:\/\/maps.google.com\/maps?q=Hotel%20Afonso%20V%2C%20Portugal&#038;t=m&#038;z=10&#038;output=embed&#038;iwloc=near\"\n\t\t\t\t\ttitle=\"Hotel Afonso V, Portugal\"\n\t\t\t\t\taria-label=\"Hotel Afonso V, Portugal\"\n\t\t\t><\/iframe>\n\t\t<\/div>\n\t\t\t\t\t\t<\/div>\n\t\t\t\t<\/div>\n\t\t<div class=\"elementor-element elementor-element-2195f38 e-con-full e-flex e-con e-child\" data-id=\"2195f38\" data-element_type=\"container\" data-e-type=\"container\">\n\t\t\t\t<\/div>\n\t\t\t\t\t<\/div>\n\t\t\t\t<\/div>\n\t\t\t\t<\/div>","protected":false},"excerpt":{"rendered":"<p>Caso necessite de alojamento estes s\u00e3o as nossas sugest\u00f5es. Ap central marrom claro Blue Salinas Curtido House Suites Ap do La\u00e7o Hot\u00e9is Hotel Jo\u00e3o Capela Turim Aveiro Palace Hotel \u00cdlhavo Palace MonteBello Vista Alegre Hotel Afonso V<\/p>","protected":false},"author":1,"featured_media":0,"parent":0,"menu_order":0,"comment_status":"closed","ping_status":"closed","template":"page-templates\/template-pagebuilder-full-width.php","meta":{"neve_meta_sidebar":"","neve_meta_container":"","neve_meta_enable_content_width":"","neve_meta_content_width":0,"neve_meta_title_alignment":"","neve_meta_author_avatar":"","neve_post_elements_order":"","neve_meta_disable_header":"","neve_meta_disable_footer":"","neve_meta_disable_title":"","_themeisle_gutenberg_block_has_review":false,"footnotes":""},"class_list":["post-358","page","type-page","status-publish","hentry"],"_links":{"self":[{"href":"https:\/\/melissa-michael.getmarried.pt\/de\/wp-json\/wp\/v2\/pages\/358","targetHints":{"allow":["GET"]}}],"collection":[{"href":"https:\/\/melissa-michael.getmarried.pt\/de\/wp-json\/wp\/v2\/pages"}],"about":[{"href":"https:\/\/melissa-michael.getmarried.pt\/de\/wp-json\/wp\/v2\/types\/page"}],"author":[{"embeddable":true,"href":"https:\/\/melissa-michael.getmarried.pt\/de\/wp-json\/wp\/v2\/users\/1"}],"replies":[{"embeddable":true,"href":"https:\/\/melissa-michael.getmarried.pt\/de\/wp-json\/wp\/v2\/comments?post=358"}],"version-history":[{"count":34,"href":"https:\/\/melissa-michael.getmarried.pt\/de\/wp-json\/wp\/v2\/pages\/358\/revisions"}],"predecessor-version":[{"id":438,"href":"https:\/\/melissa-michael.getmarried.pt\/de\/wp-json\/wp\/v2\/pages\/358\/revisions\/438"}],"wp:attachment":[{"href":"https:\/\/melissa-michael.getmarried.pt\/de\/wp-json\/wp\/v2\/media?parent=358"}],"curies":[{"name":"wp","href":"https:\/\/api.w.org\/{rel}","templated":true}]}}