{"id":284,"date":"2026-03-10T11:02:58","date_gmt":"2026-03-10T11:02:58","guid":{"rendered":"https:\/\/melissa-michael.getmarried.pt\/?page_id=284"},"modified":"2026-03-16T11:10:12","modified_gmt":"2026-03-16T11:10:12","slug":"confirma-a-tua-presenca","status":"publish","type":"page","link":"https:\/\/melissa-michael.getmarried.pt\/de\/confirma-a-tua-presenca\/","title":{"rendered":"confirma a tua presen\u00e7a"},"content":{"rendered":"\t\t<div data-elementor-type=\"wp-page\" data-elementor-id=\"284\" class=\"elementor elementor-284\">\n\t\t\t\t<div class=\"elementor-element elementor-element-2e78c82 e-con-full e-flex e-con e-parent\" data-id=\"2e78c82\" data-element_type=\"container\" data-e-type=\"container\">\n\t\t\t\t<div class=\"elementor-element elementor-element-a798343 elementor-widget elementor-widget-image\" data-id=\"a798343\" data-element_type=\"widget\" data-e-type=\"widget\" data-widget_type=\"image.default\">\n\t\t\t\t\t\t\t\t\t\t\t\t\t\t\t<img fetchpriority=\"high\" decoding=\"async\" width=\"2048\" height=\"794\" src=\"https:\/\/melissa-michael.getmarried.pt\/wp-content\/uploads\/2026\/03\/rsvp.jpg\" class=\"attachment-full size-full wp-image-287\" alt=\"\" srcset=\"https:\/\/melissa-michael.getmarried.pt\/wp-content\/uploads\/2026\/03\/rsvp.jpg 2048w, https:\/\/melissa-michael.getmarried.pt\/wp-content\/uploads\/2026\/03\/rsvp-300x116.jpg 300w, https:\/\/melissa-michael.getmarried.pt\/wp-content\/uploads\/2026\/03\/rsvp-1024x397.jpg 1024w, https:\/\/melissa-michael.getmarried.pt\/wp-content\/uploads\/2026\/03\/rsvp-768x298.jpg 768w, https:\/\/melissa-michael.getmarried.pt\/wp-content\/uploads\/2026\/03\/rsvp-1536x596.jpg 1536w\" sizes=\"(max-width: 2048px) 100vw, 2048px\" \/>\t\t\t\t\t\t\t\t\t\t\t\t\t\t\t<\/div>\n\t\t\t\t<\/div>\n\t\t<div class=\"elementor-element elementor-element-efaa745 e-flex e-con-boxed e-con e-parent\" data-id=\"efaa745\" data-element_type=\"container\" data-e-type=\"container\">\n\t\t\t\t\t<div class=\"e-con-inner\">\n\t\t\t\t<div class=\"elementor-element elementor-element-4760170 elementor-widget elementor-widget-heading\" data-id=\"4760170\" data-element_type=\"widget\" data-e-type=\"widget\" data-widget_type=\"heading.default\">\n\t\t\t\t\t<h2 class=\"elementor-heading-title elementor-size-default\">Confirma a tua presen\u00e7a<\/h2>\t\t\t\t<\/div>\n\t\t\t\t<div class=\"elementor-element elementor-element-d8350be elementor-widget elementor-widget-everest-forms\" data-id=\"d8350be\" data-element_type=\"widget\" data-e-type=\"widget\" data-widget_type=\"everest-forms.default\">\n\t\t\t\t<div class=\"elementor-widget-container\">\n\t\t\t\t\t\t\t\t<div class=\"everest-forms\"><div class=\"evf-container default\" id=\"evf-233\"><form id=\"evf-form-233\" class=\"everest-form\" data-formid=\"233\" data-ajax_submission=\"0\" data-keyboard_friendly_form=\"0\" data-form_state_type=\"\" method=\"post\" enctype=\"multipart\/form-data\" action=\"\/de\/wp-json\/wp\/v2\/pages\/284\"><div class=\"evf-field-container\"><input type=\"hidden\" id=\"_wpnonce233\" name=\"_wpnonce233\" value=\"6e85ea9fdf\" \/><input type=\"hidden\" name=\"_wp_http_referer\" value=\"\/de\/wp-json\/wp\/v2\/pages\/284\" \/><div class=\"evf-frontend-row\" data-row=\"row_2\" conditional_rules=\"[]\"><div class=\"evf-frontend-grid evf-grid-2\" data-grid=\"grid_1\"><div id=\"evf-233-field_NWJjyRiKu9-7-container\" class=\"evf-field evf-field-first-name form-row\" data-field-id=\"NWJjyRiKu9-7\"><label class=\"evf-field-label\" for=\"evf-233-field_NWJjyRiKu9-7\"><span class=\"evf-label\">Nome<\/span> <\/label><input type=\"text\" id=\"evf-233-field_NWJjyRiKu9-7\" class=\"input-text\" name=\"everest_forms[form_fields][NWJjyRiKu9-7]\" ><\/div><\/div><div class=\"evf-frontend-grid evf-grid-2\" data-grid=\"grid_2\"><div id=\"evf-233-field_gfXP2Yn9D7-8-container\" class=\"evf-field evf-field-last-name form-row\" data-field-id=\"gfXP2Yn9D7-8\"><label class=\"evf-field-label\" for=\"evf-233-field_gfXP2Yn9D7-8\"><span class=\"evf-label\">Apelido<\/span> <\/label><input type=\"text\" id=\"evf-233-field_gfXP2Yn9D7-8\" class=\"input-text\" name=\"everest_forms[form_fields][gfXP2Yn9D7-8]\" ><\/div><\/div><\/div><div class=\"evf-frontend-row\" data-row=\"row_3\" conditional_rules=\"[]\"><div class=\"evf-frontend-grid evf-grid-2\" data-grid=\"grid_1\"><div id=\"evf-233-field_95BoZtlR9R-6-container\" class=\"evf-field evf-field-phone form-row validate-phone\" data-field-id=\"95BoZtlR9R-6\"><label class=\"evf-field-label\" for=\"evf-233-field_95BoZtlR9R-6\"><span class=\"evf-label\">telem\u00f3vel<\/span> <\/label><input type=\"tel\" id=\"evf-233-field_95BoZtlR9R-6\" class=\"input-text evf-smart-phone-field\" data-rule-smart-phone-field=\"true\" name=\"everest_forms[form_fields][95BoZtlR9R-6]\" ><\/div><\/div><div class=\"evf-frontend-grid evf-grid-2\" data-grid=\"grid_2\"><div id=\"evf-233-field_email-container\" class=\"evf-field evf-field-email form-row validate-required validate-email\" data-required-field-message=\"Please enter a valid email address.\" data-field-id=\"email\"><label class=\"evf-field-label\" for=\"evf-233-field_email\"><span class=\"evf-label\">Email<\/span> <abbr class=\"required\" title=\"Required\">*<\/abbr><\/label><input type=\"email\" id=\"evf-233-field_email\" class=\"input-text\" name=\"everest_forms[form_fields][email]\" required ><\/div><\/div><\/div><div class=\"evf-frontend-row\" data-row=\"row_4\" conditional_rules=\"[]\"><div class=\"evf-frontend-grid evf-grid-2\" data-grid=\"grid_1\"><div id=\"evf-233-field_1aG5CRU3mX-9-container\" class=\"evf-field evf-field-select form-row validate-required\" data-required-field-message=\"This field is required.\" data-field-id=\"1aG5CRU3mX-9\"><label class=\"evf-field-label\" for=\"evf-233-field_1aG5CRU3mX-9\"><span class=\"evf-label\">Vai comparecer ao casamento<\/span> <abbr class=\"required\" title=\"Required\">*<\/abbr><\/label><select id=\"evf-233-field_1aG5CRU3mX-9\" class=\"input-text evf-field-required\" name=\"everest_forms[form_fields][1aG5CRU3mX-9]\" required=\"required\" ><option value=\"Sim\" >Sim<\/option><option value=\"N\u00e3o\" >N\u00e3o<\/option><\/select><\/div><\/div><div class=\"evf-frontend-grid evf-grid-2\" data-grid=\"grid_2\"><\/div><\/div><div class=\"evf-frontend-row\" data-row=\"row_5\" conditional_rules=\"[]\"><div class=\"evf-frontend-grid evf-grid-2\" data-grid=\"grid_1\"><div id=\"evf-233-field_ijnJKdVsRS-10-container\" class=\"evf-field evf-field-radio form-row validate-required\" data-required-field-message=\"1\" data-field-id=\"ijnJKdVsRS-10\"><label class=\"evf-field-label\" for=\"evf-233-field_ijnJKdVsRS-10\"><span class=\"evf-label\">Vens acompanhado de quantas pessoas?<\/span> <abbr class=\"required\" title=\"Required\">*<\/abbr><\/label><ul id=\"evf-233-field_ijnJKdVsRS-10\" class=\" evf-field-required\"><li class=\"choice-1 depth-1\"><input type=\"radio\" id=\"evf-233-field_ijnJKdVsRS-10_1\" class=\"input-text\" name=\"everest_forms[form_fields][ijnJKdVsRS-10]\" value=\"Apenas eu.\" required ><label class=\"everest-forms-field-label-inline\" for=\"evf-233-field_ijnJKdVsRS-10_1\">Apenas eu.<\/label><\/li><li class=\"choice-2 depth-1\"><input type=\"radio\" id=\"evf-233-field_ijnJKdVsRS-10_2\" class=\"input-text\" name=\"everest_forms[form_fields][ijnJKdVsRS-10]\" value=\"Eu + 1\" required ><label class=\"everest-forms-field-label-inline\" for=\"evf-233-field_ijnJKdVsRS-10_2\">Eu + 1<\/label><\/li><li class=\"choice-3 depth-1\"><input type=\"radio\" id=\"evf-233-field_ijnJKdVsRS-10_3\" class=\"input-text\" name=\"everest_forms[form_fields][ijnJKdVsRS-10]\" value=\"Eu + 2\" required ><label class=\"everest-forms-field-label-inline\" for=\"evf-233-field_ijnJKdVsRS-10_3\">Eu + 2<\/label><\/li><li class=\"choice-6 depth-1\"><input type=\"radio\" id=\"evf-233-field_ijnJKdVsRS-10_6\" class=\"input-text\" name=\"everest_forms[form_fields][ijnJKdVsRS-10]\" value=\"Eu + 3\" required ><label class=\"everest-forms-field-label-inline\" for=\"evf-233-field_ijnJKdVsRS-10_6\">Eu + 3<\/label><\/li><li class=\"choice-5 depth-1\"><input type=\"radio\" id=\"evf-233-field_ijnJKdVsRS-10_5\" class=\"input-text\" name=\"everest_forms[form_fields][ijnJKdVsRS-10]\" value=\"Eu + 4\" required ><label class=\"everest-forms-field-label-inline\" for=\"evf-233-field_ijnJKdVsRS-10_5\">Eu + 4<\/label><\/li><li class=\"choice-4 depth-1\"><input type=\"radio\" id=\"evf-233-field_ijnJKdVsRS-10_4\" class=\"input-text\" name=\"everest_forms[form_fields][ijnJKdVsRS-10]\" value=\"Eu + 5\" required ><label class=\"everest-forms-field-label-inline\" for=\"evf-233-field_ijnJKdVsRS-10_4\">Eu + 5<\/label><\/li><\/ul><\/div><\/div><div class=\"evf-frontend-grid evf-grid-2\" data-grid=\"grid_2\"><div id=\"evf-233-field_XSuNXaQQZ6-11-container\" class=\"evf-field evf-field-textarea form-row\" data-field-id=\"XSuNXaQQZ6-11\"><label class=\"evf-field-label\" for=\"evf-233-field_XSuNXaQQZ6-11\"><span class=\"evf-label\">Nome dos acompanhantes?<\/span> <\/label><textarea id=\"evf-233-field_XSuNXaQQZ6-11\" class=\"input-text\" name=\"everest_forms[form_fields][XSuNXaQQZ6-11]\"  ><\/textarea><div class=\"evf-field-description\">N\u00e3o \u00e9 necess\u00e1rio se vieres sozinho.<\/div><\/div><div id=\"evf-233-field_x2YiUgL7W6-12-container\" class=\"evf-field evf-field-text form-row\" data-field-id=\"x2YiUgL7W6-12\"><label class=\"evf-field-label\" for=\"evf-233-field_x2YiUgL7W6-12\"><span class=\"evf-label\">Idade das crian\u00e7as?<\/span> <\/label><input type=\"text\" id=\"evf-233-field_x2YiUgL7W6-12\" class=\"input-text\" name=\"everest_forms[form_fields][x2YiUgL7W6-12]\" ><div class=\"evf-field-description\">Se vai trazer crian\u00e7as qual a idade delas na data do casamento.<\/div><\/div><\/div><\/div><div class=\"evf-frontend-row\" data-row=\"row_6\" conditional_rules=\"[]\"><div class=\"evf-frontend-grid evf-grid-2\" data-grid=\"grid_1\"><div id=\"evf-233-field_d1gMHN9HIN-14-container\" class=\"evf-field evf-field-select form-row validate-required\" data-required-field-message=\"This field is required.\" data-field-id=\"d1gMHN9HIN-14\"><label class=\"evf-field-label\" for=\"evf-233-field_d1gMHN9HIN-14\"><span class=\"evf-label\">Alergias alimentares?<\/span> <abbr class=\"required\" title=\"Required\">*<\/abbr><\/label><select id=\"evf-233-field_d1gMHN9HIN-14\" class=\"input-text evf-field-required\" name=\"everest_forms[form_fields][d1gMHN9HIN-14]\" required=\"required\" ><option value=\"N\u00e3o\" >N\u00e3o<\/option><option value=\"Sim\" >Sim<\/option><\/select><\/div><\/div><div class=\"evf-frontend-grid evf-grid-2\" data-grid=\"grid_2\"><div id=\"evf-233-field_T1I3fsKrcl-15-container\" class=\"evf-field evf-field-text form-row\" data-field-id=\"T1I3fsKrcl-15\"><label class=\"evf-field-label\" for=\"evf-233-field_T1I3fsKrcl-15\"><span class=\"evf-label\">Se sim quais?<\/span> <\/label><input type=\"text\" id=\"evf-233-field_T1I3fsKrcl-15\" class=\"input-text\" name=\"everest_forms[form_fields][T1I3fsKrcl-15]\" ><div class=\"evf-field-description\">Identifique quais as alergias que tem.<\/div><\/div><\/div><\/div><div class=\"evf-frontend-row\" data-row=\"row_7\" conditional_rules=\"[]\"><div class=\"evf-frontend-grid evf-grid-1\" data-grid=\"grid_1\"><div id=\"evf-233-field_miRgBvvLEZ-16-container\" class=\"evf-field evf-field-text form-row\" data-field-id=\"miRgBvvLEZ-16\"><label class=\"evf-field-label\" for=\"evf-233-field_miRgBvvLEZ-16\"><span class=\"evf-label\">Restri\u00e7\u00f5es alimentares?<\/span> <\/label><input type=\"text\" id=\"evf-233-field_miRgBvvLEZ-16\" class=\"input-text\" name=\"everest_forms[form_fields][miRgBvvLEZ-16]\" ><\/div><\/div><\/div><\/div><div class=\"evf-honeypot-container evf-field-hp\"><label for=\"evf-233-field-hp\" class=\"evf-field-label\">Message<\/label><input type=\"text\" name=\"everest_forms[hp]\" id=\"evf-233-field-hp\" class=\"input-text\"><\/div><div class=\"evf-submit-container \" ><input type=\"hidden\" name=\"everest_forms[id]\" value=\"233\"><input type=\"hidden\" name=\"everest_forms[author]\" value=\"1\"><button type='submit' name='everest_forms[submit]' class='everest-forms-submit-button button evf-submit ' id='evf-submit-233' value='evf-submit' data-process-text=\"Processing\u2026\" conditional_rules='&quot;&quot;' conditional_id='evf-submit-233'  id=\"evf-submit-233\" aria-live=\"assertive\">Enviar<\/button><\/div><\/form><\/div><!-- .evf-container --><\/div>\t\t\t\t\t\t<\/div>\n\t\t\t\t<\/div>\n\t\t\t\t\t<\/div>\n\t\t\t\t<\/div>\n\t\t\t\t<\/div>\n\t\t","protected":false},"excerpt":{"rendered":"<p>Confirma a tua presen\u00e7a Nome Apelido telem\u00f3vel Email *Vai comparecer ao casamento *SimN\u00e3oVens acompanhado de quantas pessoas? * Apenas eu. Eu + 1 Eu + 2 Eu + 3 Eu + 4 Eu + 5 Nome dos acompanhantes? N\u00e3o \u00e9 necess\u00e1rio se vieres sozinho.Idade das crian\u00e7as? Se vai trazer crian\u00e7as qual a idade delas na&hellip;&nbsp;<a href=\"https:\/\/melissa-michael.getmarried.pt\/de\/confirma-a-tua-presenca\/\" rel=\"bookmark\"><span class=\"screen-reader-text\">confirma a tua presen\u00e7a<\/span><\/a><\/p>","protected":false},"author":1,"featured_media":0,"parent":0,"menu_order":0,"comment_status":"closed","ping_status":"closed","template":"page-templates\/template-pagebuilder-full-width.php","meta":{"neve_meta_sidebar":"","neve_meta_container":"","neve_meta_enable_content_width":"","neve_meta_content_width":0,"neve_meta_title_alignment":"","neve_meta_author_avatar":"","neve_post_elements_order":"","neve_meta_disable_header":"","neve_meta_disable_footer":"","neve_meta_disable_title":"","_themeisle_gutenberg_block_has_review":false,"footnotes":""},"class_list":["post-284","page","type-page","status-publish","hentry"],"_links":{"self":[{"href":"https:\/\/melissa-michael.getmarried.pt\/de\/wp-json\/wp\/v2\/pages\/284","targetHints":{"allow":["GET"]}}],"collection":[{"href":"https:\/\/melissa-michael.getmarried.pt\/de\/wp-json\/wp\/v2\/pages"}],"about":[{"href":"https:\/\/melissa-michael.getmarried.pt\/de\/wp-json\/wp\/v2\/types\/page"}],"author":[{"embeddable":true,"href":"https:\/\/melissa-michael.getmarried.pt\/de\/wp-json\/wp\/v2\/users\/1"}],"replies":[{"embeddable":true,"href":"https:\/\/melissa-michael.getmarried.pt\/de\/wp-json\/wp\/v2\/comments?post=284"}],"version-history":[{"count":11,"href":"https:\/\/melissa-michael.getmarried.pt\/de\/wp-json\/wp\/v2\/pages\/284\/revisions"}],"predecessor-version":[{"id":384,"href":"https:\/\/melissa-michael.getmarried.pt\/de\/wp-json\/wp\/v2\/pages\/284\/revisions\/384"}],"wp:attachment":[{"href":"https:\/\/melissa-michael.getmarried.pt\/de\/wp-json\/wp\/v2\/media?parent=284"}],"curies":[{"name":"wp","href":"https:\/\/api.w.org\/{rel}","templated":true}]}}