{"id":139,"date":"2020-03-26T00:46:04","date_gmt":"2020-03-26T00:46:04","guid":{"rendered":"https:\/\/demosites.io\/rokophoto-gb\/?page_id=139"},"modified":"2026-03-10T11:18:30","modified_gmt":"2026-03-10T11:18:30","slug":"about","status":"publish","type":"page","link":"https:\/\/melissa-michael.getmarried.pt\/de\/about\/","title":{"rendered":"Notre histoire"},"content":{"rendered":"<div data-elementor-type=\"wp-page\" data-elementor-id=\"139\" class=\"elementor elementor-139\">\n\t\t\t\t<div class=\"elementor-element elementor-element-8ef14cc e-flex e-con-boxed e-con e-parent\" data-id=\"8ef14cc\" data-element_type=\"container\" data-e-type=\"container\">\n\t\t\t\t\t<div class=\"e-con-inner\">\n\t\t<div class=\"elementor-element elementor-element-803ba28 e-con-full e-flex e-con e-child\" data-id=\"803ba28\" data-element_type=\"container\" data-e-type=\"container\">\n\t\t\t\t<div class=\"elementor-element elementor-element-19aabae elementor-widget elementor-widget-image\" data-id=\"19aabae\" data-element_type=\"widget\" data-e-type=\"widget\" data-widget_type=\"image.default\">\n\t\t\t\t\t\t\t\t\t\t\t\t\t\t\t<img fetchpriority=\"high\" decoding=\"async\" width=\"683\" height=\"1024\" src=\"https:\/\/melissa-michael.getmarried.pt\/wp-content\/uploads\/2026\/03\/WhatsApp-Image-2026-03-08-at-19.53.57-683x1024.jpeg\" class=\"attachment-large size-large wp-image-274\" alt=\"\" srcset=\"https:\/\/melissa-michael.getmarried.pt\/wp-content\/uploads\/2026\/03\/WhatsApp-Image-2026-03-08-at-19.53.57-683x1024.jpeg 683w, https:\/\/melissa-michael.getmarried.pt\/wp-content\/uploads\/2026\/03\/WhatsApp-Image-2026-03-08-at-19.53.57-200x300.jpeg 200w, https:\/\/melissa-michael.getmarried.pt\/wp-content\/uploads\/2026\/03\/WhatsApp-Image-2026-03-08-at-19.53.57-768x1152.jpeg 768w, https:\/\/melissa-michael.getmarried.pt\/wp-content\/uploads\/2026\/03\/WhatsApp-Image-2026-03-08-at-19.53.57-1024x1536.jpeg 1024w, https:\/\/melissa-michael.getmarried.pt\/wp-content\/uploads\/2026\/03\/WhatsApp-Image-2026-03-08-at-19.53.57.jpeg 1067w\" sizes=\"(max-width: 683px) 100vw, 683px\" \/>\t\t\t\t\t\t\t\t\t\t\t\t\t\t\t<\/div>\n\t\t\t\t<\/div>\n\t\t<div class=\"elementor-element elementor-element-8d34242 e-con-full e-flex e-con e-child\" data-id=\"8d34242\" data-element_type=\"container\" data-e-type=\"container\">\n\t\t\t\t<div class=\"elementor-element elementor-element-dd2e4e5 elementor-widget elementor-widget-image\" data-id=\"dd2e4e5\" data-element_type=\"widget\" data-e-type=\"widget\" data-widget_type=\"image.default\">\n\t\t\t\t\t\t\t\t\t\t\t\t\t\t\t<img decoding=\"async\" width=\"683\" height=\"1024\" src=\"https:\/\/melissa-michael.getmarried.pt\/wp-content\/uploads\/2026\/03\/WhatsApp-Image-2026-03-08-at-19.53.58-683x1024.jpeg\" class=\"attachment-large size-large wp-image-275\" alt=\"\" srcset=\"https:\/\/melissa-michael.getmarried.pt\/wp-content\/uploads\/2026\/03\/WhatsApp-Image-2026-03-08-at-19.53.58-683x1024.jpeg 683w, https:\/\/melissa-michael.getmarried.pt\/wp-content\/uploads\/2026\/03\/WhatsApp-Image-2026-03-08-at-19.53.58-200x300.jpeg 200w, https:\/\/melissa-michael.getmarried.pt\/wp-content\/uploads\/2026\/03\/WhatsApp-Image-2026-03-08-at-19.53.58-768x1152.jpeg 768w, https:\/\/melissa-michael.getmarried.pt\/wp-content\/uploads\/2026\/03\/WhatsApp-Image-2026-03-08-at-19.53.58-1024x1536.jpeg 1024w, https:\/\/melissa-michael.getmarried.pt\/wp-content\/uploads\/2026\/03\/WhatsApp-Image-2026-03-08-at-19.53.58.jpeg 1067w\" sizes=\"(max-width: 683px) 100vw, 683px\" \/>\t\t\t\t\t\t\t\t\t\t\t\t\t\t\t<\/div>\n\t\t\t\t<\/div>\n\t\t\t\t\t<\/div>\n\t\t\t\t<\/div>\n\t\t<div class=\"elementor-element elementor-element-cd7dbc4 e-flex e-con-boxed e-con e-parent\" data-id=\"cd7dbc4\" data-element_type=\"container\" data-e-type=\"container\">\n\t\t\t\t\t<div class=\"e-con-inner\">\n\t\t\t\t<div class=\"elementor-element elementor-element-ace7b3e elementor-widget elementor-widget-text-editor\" data-id=\"ace7b3e\" data-element_type=\"widget\" data-e-type=\"widget\" data-widget_type=\"text-editor.default\">\n\t\t\t\t\t\t\t\t\t<p class=\"isSelectedEnd\">Ton \u00aboui\u00bb marque le d\u00e9but de notre histoire pour toujours.<\/p><p class=\"isSelectedEnd\">Il arrive que des rencontres semblent \u00eatre de simples co\u00efncidences, mais qu'au fond, elles \u00e9taient d\u00e9j\u00e0 \u00e9crites bien avant qu'elles ne se produisent. Nos chemins se sont crois\u00e9s \u00e0 un moment inattendu et, d\u00e8s ce jour, nous avons compris qu'une force sup\u00e9rieure guidait chacun de nos pas.<\/p><p class=\"isSelectedEnd\">\u00c0 travers les conversations, les rires, les d\u00e9fis et les r\u00eaves partag\u00e9s, nous avons b\u00e2ti une histoire faite de complicit\u00e9, de respect et d'amour. Un amour qui se renforce chaque jour, nourri par les petits bonheurs, et qui trouve la beaut\u00e9 dans nos diff\u00e9rences, en cheminant c\u00f4te \u00e0 c\u00f4te.<\/p><p class=\"isSelectedEnd\">Nous croyons que le v\u00e9ritable amour est aussi un choix quotidien. Choisir de prendre soin, de soutenir, de comprendre et de c\u00e9l\u00e9brer chaque instant ensemble. Choisir de continuer \u00e0 cheminer main dans la main, m\u00eame lorsque la route r\u00e9serve des surprises et des d\u00e9tours.<\/p><p class=\"isSelectedEnd\">\u00abQue l\u2019homme ne s\u00e9pare pas ce que Dieu a uni.\u00bb<br \/>Cette phrase repr\u00e9sente le fondement de nos sentiments et de la vie que nous souhaitons b\u00e2tir. C\u2019est avec foi, gratitude et joie au c\u0153ur que nous franchissons cette \u00e9tape si particuli\u00e8re, entour\u00e9s de ceux que nous aimons le plus.<\/p><p class=\"isSelectedEnd\">Nos chemins se sont crois\u00e9s par hasard, mais c'est par choix que nous continuerons \u00e0 \u00eatre ensemble pour toujours.<\/p><p>Ce n'est que le d\u00e9but de notre histoire. Le d\u00e9but de notre \u00e9ternit\u00e9.<\/p>\t\t\t\t\t\t\t\t<\/div>\n\t\t\t\t\t<\/div>\n\t\t\t\t<\/div>\n\t\t\t\t<\/div>","protected":false},"excerpt":{"rendered":"<p>O teu \u201csim\u201d \u00e9 o come\u00e7o do nosso para sempre. H\u00e1 encontros que parecem simples coincid\u00eancias, mas que, no fundo, j\u00e1 estavam escritos muito antes de acontecerem. Os nossos caminhos cruzaram-se num momento inesperado e, desde esse dia, percebemos que havia algo maior a guiar cada passo que d\u00e1vamos juntos. Entre conversas, risos, desafios e&hellip;&nbsp;<a href=\"https:\/\/melissa-michael.getmarried.pt\/de\/about\/\" rel=\"bookmark\"><span class=\"screen-reader-text\">Notre histoire<\/span><\/a><\/p>","protected":false},"author":1,"featured_media":0,"parent":0,"menu_order":0,"comment_status":"closed","ping_status":"closed","template":"page-templates\/template-pagebuilder-full-width.php","meta":{"neve_meta_sidebar":"full-width","neve_meta_container":"contained","neve_meta_enable_content_width":"on","neve_meta_content_width":100,"neve_meta_title_alignment":"","neve_meta_author_avatar":"","neve_post_elements_order":"","neve_meta_disable_header":"","neve_meta_disable_footer":"","neve_meta_disable_title":"","_themeisle_gutenberg_block_has_review":false,"footnotes":""},"class_list":["post-139","page","type-page","status-publish","hentry"],"_links":{"self":[{"href":"https:\/\/melissa-michael.getmarried.pt\/de\/wp-json\/wp\/v2\/pages\/139","targetHints":{"allow":["GET"]}}],"collection":[{"href":"https:\/\/melissa-michael.getmarried.pt\/de\/wp-json\/wp\/v2\/pages"}],"about":[{"href":"https:\/\/melissa-michael.getmarried.pt\/de\/wp-json\/wp\/v2\/types\/page"}],"author":[{"embeddable":true,"href":"https:\/\/melissa-michael.getmarried.pt\/de\/wp-json\/wp\/v2\/users\/1"}],"replies":[{"embeddable":true,"href":"https:\/\/melissa-michael.getmarried.pt\/de\/wp-json\/wp\/v2\/comments?post=139"}],"version-history":[{"count":7,"href":"https:\/\/melissa-michael.getmarried.pt\/de\/wp-json\/wp\/v2\/pages\/139\/revisions"}],"predecessor-version":[{"id":312,"href":"https:\/\/melissa-michael.getmarried.pt\/de\/wp-json\/wp\/v2\/pages\/139\/revisions\/312"}],"wp:attachment":[{"href":"https:\/\/melissa-michael.getmarried.pt\/de\/wp-json\/wp\/v2\/media?parent=139"}],"curies":[{"name":"wp","href":"https:\/\/api.w.org\/{rel}","templated":true}]}}